{"id":216086,"date":"2022-10-22T16:05:52","date_gmt":"2022-10-22T16:05:52","guid":{"rendered":"https:\/\/www.costablanca.nl\/regio-valencia\/"},"modified":"2026-02-26T21:12:34","modified_gmt":"2026-02-26T21:12:34","slug":"comunidad-valenciana","status":"publish","type":"page","link":"https:\/\/www.purecostablanca.com\/es\/comunidad-valenciana\/","title":{"rendered":"Comunidad Valenciana"},"content":{"rendered":"<p><div class=\"fusion-fullwidth fullwidth-box fusion-builder-row-1 fusion-flex-container has-pattern-background has-mask-background nonhundred-percent-fullwidth non-hundred-percent-height-scrolling\" style=\"--awb-border-radius-top-left:0px;--awb-border-radius-top-right:0px;--awb-border-radius-bottom-right:0px;--awb-border-radius-bottom-left:0px;--awb-flex-wrap:wrap;\" ><div class=\"fusion-builder-row fusion-row fusion-flex-align-items-flex-start fusion-flex-content-wrap\" style=\"max-width:1560px;margin-left: calc(-4% \/ 2 );margin-right: calc(-4% \/ 2 );\"><div class=\"fusion-layout-column fusion_builder_column fusion-builder-column-0 fusion_builder_column_3_4 3_4 fusion-flex-column\" style=\"--awb-bg-size:cover;--awb-width-large:75%;--awb-margin-top-large:0px;--awb-spacing-right-large:2.56%;--awb-margin-bottom-large:20px;--awb-spacing-left-large:2.56%;--awb-width-medium:75%;--awb-order-medium:0;--awb-spacing-right-medium:2.56%;--awb-spacing-left-medium:2.56%;--awb-width-small:100%;--awb-order-small:0;--awb-spacing-right-small:1.92%;--awb-spacing-left-small:1.92%;\"><div class=\"fusion-column-wrapper fusion-column-has-shadow fusion-flex-justify-content-flex-start fusion-content-layout-column\"><div class=\"fusion-text fusion-text-1\"><h1 style=\"--fontSize: 40; line-height: 1.2;\" data-fontsize=\"40\" data-lineheight=\"48px\" class=\"fusion-responsive-typography-calculated\">La Comunidad Valenciana<\/h1>\n<p><i>La Comunidad Valenciana (tambi\u00e9n conocida como Levante en Espa\u00f1a) es una comunidad aut\u00f3noma del este de Espa\u00f1a. Est\u00e1 formada por tres provincias: <b>Castell\u00f3n<\/b> al norte, <b>Valencia<\/b> en el centro y <b>Alicante<\/b> al sur. La ciudad de <a href=\"https:\/\/www.purecostablanca.com\/es\/alicante\/\"><u>Alicante<\/u><\/a> es tambi\u00e9n la capital de la Comunidad Valenciana. <span style=\"font-family: var(--awb-text-font-family); font-size: var(--awb-font-size); letter-spacing: var(--awb-letter-spacing); text-align: var(--awb-content-alignment); text-transform: var(--awb-text-transform);\">La Comunidad Valenciana limita con otras cuatro regiones, a saber: <\/span><b style=\"font-family: var(--awb-text-font-family); font-size: var(--awb-font-size); letter-spacing: var(--awb-letter-spacing); text-align: var(--awb-content-alignment); text-transform: var(--awb-text-transform);\">Catalu\u00f1a<\/b><span style=\"font-family: var(--awb-text-font-family); font-size: var(--awb-font-size); letter-spacing: var(--awb-letter-spacing); text-align: var(--awb-content-alignment); text-transform: var(--awb-text-transform);\"> (por el norte), <\/span><b style=\"font-family: var(--awb-text-font-family); font-size: var(--awb-font-size); letter-spacing: var(--awb-letter-spacing); text-align: var(--awb-content-alignment); text-transform: var(--awb-text-transform);\">Murcia<\/b><span style=\"font-family: var(--awb-text-font-family); font-size: var(--awb-font-size); letter-spacing: var(--awb-letter-spacing); text-align: var(--awb-content-alignment); text-transform: var(--awb-text-transform);\"> (por el sur), <\/span><b style=\"font-family: var(--awb-text-font-family); font-size: var(--awb-font-size); letter-spacing: var(--awb-letter-spacing); text-align: var(--awb-content-alignment); text-transform: var(--awb-text-transform);\">Castilla la-Manch\u00e1<\/b><span style=\"font-family: var(--awb-text-font-family); font-size: var(--awb-font-size); letter-spacing: var(--awb-letter-spacing); text-align: var(--awb-content-alignment); text-transform: var(--awb-text-transform);\"> y <\/span><b style=\"font-family: var(--awb-text-font-family); font-size: var(--awb-font-size); letter-spacing: var(--awb-letter-spacing); text-align: var(--awb-content-alignment); text-transform: var(--awb-text-transform);\">Arag\u00f3n<\/b><span style=\"font-family: var(--awb-text-font-family); font-size: var(--awb-font-size); letter-spacing: var(--awb-letter-spacing); text-align: var(--awb-content-alignment); text-transform: var(--awb-text-transform);\"> (ambas por el oeste).<\/span>  <\/i><\/p>\n<p><i>La Comunidad Valenciana tiene una superficie de m\u00e1s de <b>23.000 km\u00b2<\/b> y una poblaci\u00f3n de casi <b>6 millones de<\/b> habitantes. Rica en historia y cultura, la Comunidad Valenciana es conocida por su hermoso litoral mediterr\u00e1neo, con la <a href=\"https:\/\/www.purecostablanca.com\/es\/\"><u>Costa Blanca<\/u><\/a> como popular destino tur\u00edstico. Aparte de sus playas, la regi\u00f3n tambi\u00e9n ofrece un paisaje variado, que va de las monta\u00f1as a las llanuras, y una rica flora y fauna.  <\/i><\/p>\n<\/div><\/div><\/div><div class=\"fusion-layout-column fusion_builder_column fusion-builder-column-1 fusion_builder_column_1_4 1_4 fusion-flex-column fusion-flex-align-self-center\" style=\"--awb-bg-size:cover;--awb-width-large:25%;--awb-margin-top-large:0px;--awb-spacing-right-large:7.68%;--awb-margin-bottom-large:20px;--awb-spacing-left-large:7.68%;--awb-width-medium:25%;--awb-order-medium:0;--awb-spacing-right-medium:7.68%;--awb-spacing-left-medium:7.68%;--awb-width-small:100%;--awb-order-small:0;--awb-spacing-right-small:1.92%;--awb-spacing-left-small:1.92%;\"><div class=\"fusion-column-wrapper fusion-column-has-shadow fusion-flex-justify-content-flex-start fusion-content-layout-column\"><div class=\"fusion-text fusion-text-2\"><p><img decoding=\"async\" class=\"aligncenter wp-image-2205\" src=\"https:\/\/www.purecostablanca.com\/wp-content\/uploads\/2022\/10\/Logo-Costa-Blanca-Valencia.png\" alt=\"El logotipo de la regi\u00f3n de Valencia, en la Costa Blanca.\" width=\"250\" height=\"109\" srcset=\"https:\/\/www.purecostablanca.com\/wp-content\/uploads\/2022\/10\/Logo-Costa-Blanca-Valencia-200x88.png 200w, https:\/\/www.purecostablanca.com\/wp-content\/uploads\/2022\/10\/Logo-Costa-Blanca-Valencia-300x131.png 300w, https:\/\/www.purecostablanca.com\/wp-content\/uploads\/2022\/10\/Logo-Costa-Blanca-Valencia.png 400w\" sizes=\"(max-width: 250px) 100vw, 250px\" \/><\/p>\n<\/div><\/div><\/div><\/div><\/div><div class=\"fusion-fullwidth fullwidth-box fusion-builder-row-2 fusion-flex-container nonhundred-percent-fullwidth non-hundred-percent-height-scrolling\" style=\"--awb-border-radius-top-left:0px;--awb-border-radius-top-right:0px;--awb-border-radius-bottom-right:0px;--awb-border-radius-bottom-left:0px;--awb-flex-wrap:wrap;\" ><div class=\"fusion-builder-row fusion-row fusion-flex-align-items-flex-start fusion-flex-content-wrap\" style=\"max-width:1560px;margin-left: calc(-4% \/ 2 );margin-right: calc(-4% \/ 2 );\"><div class=\"fusion-layout-column fusion_builder_column fusion-builder-column-2 fusion_builder_column_1_1 1_1 fusion-flex-column\" style=\"--awb-bg-size:cover;--awb-width-large:100%;--awb-margin-top-large:0px;--awb-spacing-right-large:1.92%;--awb-margin-bottom-large:20px;--awb-spacing-left-large:1.92%;--awb-width-medium:100%;--awb-order-medium:0;--awb-spacing-right-medium:1.92%;--awb-spacing-left-medium:1.92%;--awb-width-small:100%;--awb-order-small:0;--awb-spacing-right-small:1.92%;--awb-spacing-left-small:1.92%;\"><div class=\"fusion-column-wrapper fusion-column-has-shadow fusion-flex-justify-content-flex-start fusion-content-layout-column\"><div class=\"fusion-text fusion-text-3\"><p data-fontsize=\"26\" data-lineheight=\"31.200001px\"><div id=\"ez-toc-container\" class=\"ez-toc-v2_0_82_2 counter-hierarchy ez-toc-counter ez-toc-custom ez-toc-container-direction\">\n<div class=\"ez-toc-title-container\">\n<p class=\"ez-toc-title\" style=\"cursor:inherit\">Tabla de contenido<\/p>\n<span class=\"ez-toc-title-toggle\"><a href=\"#\" class=\"ez-toc-pull-right ez-toc-btn ez-toc-btn-xs ez-toc-btn-default ez-toc-toggle\" aria-label=\"Alternar tabla de contenidos\"><span class=\"ez-toc-js-icon-con\"><span class=\"\"><span class=\"eztoc-hide\" style=\"display:none;\">Toggle<\/span><span class=\"ez-toc-icon-toggle-span\"><svg style=\"fill: #212326;color:#212326\" xmlns=\"http:\/\/www.w3.org\/2000\/svg\" class=\"list-377408\" width=\"20px\" height=\"20px\" viewBox=\"0 0 24 24\" fill=\"none\"><path d=\"M6 6H4v2h2V6zm14 0H8v2h12V6zM4 11h2v2H4v-2zm16 0H8v2h12v-2zM4 16h2v2H4v-2zm16 0H8v2h12v-2z\" fill=\"currentColor\"><\/path><\/svg><svg style=\"fill: #212326;color:#212326\" class=\"arrow-unsorted-368013\" xmlns=\"http:\/\/www.w3.org\/2000\/svg\" width=\"10px\" height=\"10px\" viewBox=\"0 0 24 24\" version=\"1.2\" baseProfile=\"tiny\"><path d=\"M18.2 9.3l-6.2-6.3-6.2 6.3c-.2.2-.3.4-.3.7s.1.5.3.7c.2.2.4.3.7.3h11c.3 0 .5-.1.7-.3.2-.2.3-.5.3-.7s-.1-.5-.3-.7zM5.8 14.7l6.2 6.3 6.2-6.3c.2-.2.3-.5.3-.7s-.1-.5-.3-.7c-.2-.2-.4-.3-.7-.3h-11c-.3 0-.5.1-.7.3-.2.2-.3.5-.3.7s.1.5.3.7z\"\/><\/svg><\/span><\/span><\/span><\/a><\/span><\/div>\n<nav><ul class='ez-toc-list ez-toc-list-level-1 eztoc-toggle-hide-by-default' ><li class='ez-toc-page-1 ez-toc-heading-level-2'><a class=\"ez-toc-link ez-toc-heading-1\" href=\"https:\/\/www.purecostablanca.com\/es\/comunidad-valenciana\/#el_nombre_%c2%abvalencia\" >El nombre \u00abValencia<\/a><\/li><li class='ez-toc-page-1 ez-toc-heading-level-2'><a class=\"ez-toc-link ez-toc-heading-2\" href=\"https:\/\/www.purecostablanca.com\/es\/comunidad-valenciana\/#costas\" >Costas<\/a><\/li><li class='ez-toc-page-1 ez-toc-heading-level-2'><a class=\"ez-toc-link ez-toc-heading-3\" href=\"https:\/\/www.purecostablanca.com\/es\/comunidad-valenciana\/#lugares\" >Lugares<\/a><\/li><li class='ez-toc-page-1 ez-toc-heading-level-2'><a class=\"ez-toc-link ez-toc-heading-4\" href=\"https:\/\/www.purecostablanca.com\/es\/comunidad-valenciana\/#de_vacaciones\" >De vacaciones<\/a><\/li><\/ul><\/nav><\/div>\n<\/p>\n<h2 id=\"toc_Wat_is_de_regio_Valencia\" class=\"fusion-responsive-typography-calculated\" style=\"--fontsize: 26; line-height: 1.2;\" data-fontsize=\"26\" data-lineheight=\"31.200001px\"><span class=\"ez-toc-section\" id=\"el_nombre_%c2%abvalencia\"><\/span><span style=\"font-family: var(--awb-text-font-family); font-size: var(--awb-font-size); font-style: var(--awb-text-font-style); letter-spacing: var(--awb-letter-spacing); text-align: var(--awb-content-alignment); text-transform: var(--awb-text-transform);\">El nombre \u00abValencia<\/span><span class=\"ez-toc-section-end\"><\/span><\/h2>\n<p>El origen del nombre Valencia no es del todo seguro, pero existen varias teor\u00edas al respecto. Una teor\u00eda es que el nombre procede de la palabra latina<b>\u00abValentia<\/b>\u00ab, que significa \u00abpoder\u00bb o \u00abfuerza\u00bb. <\/p>\n<p>Otra teor\u00eda es que el nombre deriva de una tribu celta llamada<b>\u00abVolcae<\/b>\u00ab, que viv\u00eda en la zona antes de que la conquistaran los romanos.<\/p>\n<p>Tambi\u00e9n se ha sugerido que el nombre procede del t\u00e9rmino \u00e1rabe<b>\u00abwadi al-sinaa<\/b>\u00ab, que significa \u00abr\u00edo de colorido\u00bb y se refiere al r\u00edo Turia que pasa por Valencia.<\/p>\n<h2><span class=\"ez-toc-section\" id=\"costas\"><\/span>Costas<span class=\"ez-toc-section-end\"><\/span><\/h2>\n<p>Espa\u00f1a tiene un total de 17 costas. Dos de estas costas est\u00e1n situadas en la Comunidad Valenciana: la <span style=\"text-decoration: underline;\"><a href=\"https:\/\/www.purecostablanca.com\/es\/\">Costa Blanca<\/a><\/span> (obviamente) y la <b>Costa del Azahar<\/b>. El mar de esta costa tambi\u00e9n recibe el nombre de \u00abGolfo de Valencia\u00bb.  <\/p>\n<h2 id=\"toc_Plaatsen_in_de_regio_Valencia\" class=\"fusion-responsive-typography-calculated\" style=\"--fontsize: 26; line-height: 1.2;\" data-fontsize=\"26\" data-lineheight=\"31.200001px\"><span class=\"ez-toc-section\" id=\"lugares\"><\/span>Lugares<span class=\"ez-toc-section-end\"><\/span><\/h2>\n<p>La Comunidad Valenciana tiene muchas localidades. A continuaci\u00f3n te mostramos los 10 lugares m\u00e1s grandes (por poblaci\u00f3n) de la Comunidad Valenciana: <\/p>\n<ul>\n<li><span style=\"color: var(--awb-text-color); font-family: var(--awb-text-font-family); font-size: var(--awb-font-size); font-style: var(--awb-text-font-style); letter-spacing: var(--awb-letter-spacing); text-align: var(--awb-content-alignment); text-transform: var(--awb-text-transform); background-color: var(--awb-bg-color);\">Valencia (790.201 habitantes);<\/span><\/li>\n<li><span style=\"color: var(--awb-text-color); font-family: var(--awb-text-font-family); font-size: var(--awb-font-size); font-style: var(--awb-text-font-style); letter-spacing: var(--awb-letter-spacing); text-align: var(--awb-content-alignment); text-transform: var(--awb-text-transform); background-color: var(--awb-bg-color);\"><a href=\"https:\/\/www.purecostablanca.com\/es\/alicante\/\" target=\"_blank\" rel=\"noopener noreferrer\"><u>Alicante<\/u><\/a> (337.482 habitantes);<\/span><\/li>\n<li><span style=\"color: var(--awb-text-color); font-family: var(--awb-text-font-family); font-size: var(--awb-font-size); font-style: var(--awb-text-font-style); letter-spacing: var(--awb-letter-spacing); text-align: var(--awb-content-alignment); text-transform: var(--awb-text-transform); background-color: var(--awb-bg-color);\"><a href=\"https:\/\/www.purecostablanca.com\/es\/elche\/\" target=\"_blank\" rel=\"noopener noreferrer\"><u>Elche<\/u><\/a> (232.517 habitantes);<\/span><\/li>\n<li><span style=\"color: var(--awb-text-color); font-family: var(--awb-text-font-family); font-size: var(--awb-font-size); font-style: var(--awb-text-font-style); letter-spacing: var(--awb-letter-spacing); text-align: var(--awb-content-alignment); text-transform: var(--awb-text-transform); background-color: var(--awb-bg-color);\">Castell\u00f3n de la Plana (179.705 habitantes);<\/span><\/li>\n<li><span style=\"color: var(--awb-text-color); font-family: var(--awb-text-font-family); font-size: var(--awb-font-size); font-style: var(--awb-text-font-style); letter-spacing: var(--awb-letter-spacing); text-align: var(--awb-content-alignment); text-transform: var(--awb-text-transform); background-color: var(--awb-bg-color);\"><a href=\"https:\/\/www.purecostablanca.com\/es\/torrevieja\/\"><u>Torrevieja<\/u><\/a> (83.364 habitantes);<\/span><\/li>\n<li><span style=\"color: var(--awb-text-color); font-family: var(--awb-text-font-family); font-size: var(--awb-font-size); font-style: var(--awb-text-font-style); letter-spacing: var(--awb-letter-spacing); text-align: var(--awb-content-alignment); text-transform: var(--awb-text-transform); background-color: var(--awb-bg-color);\">Orihuela (79.481 habitantes);<\/span><\/li>\n<li><span style=\"color: var(--awb-text-color); font-family: var(--awb-text-font-family); font-size: var(--awb-font-size); font-style: var(--awb-text-font-style); letter-spacing: var(--awb-letter-spacing); text-align: var(--awb-content-alignment); text-transform: var(--awb-text-transform); background-color: var(--awb-bg-color);\">Gand\u00eda (77.156 habitantes);<\/span><\/li>\n<li><span style=\"color: var(--awb-text-color); font-family: var(--awb-text-font-family); font-size: var(--awb-font-size); font-style: var(--awb-text-font-style); letter-spacing: var(--awb-letter-spacing); text-align: var(--awb-content-alignment); text-transform: var(--awb-text-transform); background-color: var(--awb-bg-color);\">Paterna (67.331 habitantes);<\/span><\/li>\n<li><span style=\"color: var(--awb-text-color); font-family: var(--awb-text-font-family); font-size: var(--awb-font-size); font-style: var(--awb-text-font-style); letter-spacing: var(--awb-letter-spacing); text-align: var(--awb-content-alignment); text-transform: var(--awb-text-transform); background-color: var(--awb-bg-color);\"><a href=\"https:\/\/www.purecostablanca.com\/es\/benidorm\/\" target=\"_blank\" rel=\"noopener noreferrer\"><u>Benidorm<\/u><\/a> (67.121 habitantes);<\/span><\/li>\n<li><span style=\"color: var(--awb-text-color); font-family: var(--awb-text-font-family); font-size: var(--awb-font-size); font-style: var(--awb-text-font-style); letter-spacing: var(--awb-letter-spacing); text-align: var(--awb-content-alignment); text-transform: var(--awb-text-transform); background-color: var(--awb-bg-color);\">Alcoy (60.155 habitantes).<\/span><\/li>\n<\/ul>\n<h2 id=\"toc_Op_vakantie_naar_de_regio_Valencia\" class=\"fusion-responsive-typography-calculated\" style=\"--fontsize: 26; line-height: 1.2;\" data-fontsize=\"26\" data-lineheight=\"31.200001px\"><span class=\"ez-toc-section\" id=\"de_vacaciones\"><\/span>De vacaciones<span class=\"ez-toc-section-end\"><\/span><\/h2>\n<ul>\n<li><b style=\"font-family: var(--awb-text-font-family); font-size: var(--awb-font-size); font-style: var(--awb-text-font-style); letter-spacing: var(--awb-letter-spacing); text-align: var(--awb-content-alignment); text-transform: var(--awb-text-transform);\">En avi\u00f3n:<\/b><span style=\"font-family: var(--awb-text-font-family); font-size: var(--awb-font-size); font-style: var(--awb-text-font-style); letter-spacing: var(--awb-letter-spacing); text-align: var(--awb-content-alignment); text-transform: var(--awb-text-transform);\"> El aeropuerto de Valencia es la principal puerta de entrada a la Comunidad Valenciana y ofrece vuelos internacionales desde varias ciudades europeas. Otros aeropuertos de la regi\u00f3n son los de Alicante-Elche y Castell\u00f3n;<\/span><\/li>\n<\/ul>\n<ul>\n<li><b style=\"font-family: var(--awb-text-font-family); font-size: var(--awb-font-size); font-style: var(--awb-text-font-style); letter-spacing: var(--awb-letter-spacing); text-align: var(--awb-content-alignment); text-transform: var(--awb-text-transform);\">En tren:<\/b><span style=\"font-family: var(--awb-text-font-family); font-size: var(--awb-font-size); font-style: var(--awb-text-font-style); letter-spacing: var(--awb-letter-spacing); text-align: var(--awb-content-alignment); text-transform: var(--awb-text-transform);\"> La regi\u00f3n de Valencia cuenta con una red de trenes bien desarrollada que conecta varias ciudades de la regi\u00f3n y de fuera de ella. Hay trenes de alta velocidad que conectan Madrid, Barcelona y otras ciudades importantes con Valencia;<\/span><\/li>\n<\/ul>\n<ul>\n<li><b style=\"font-family: var(--awb-text-font-family); font-size: var(--awb-font-size); font-style: var(--awb-text-font-style); letter-spacing: var(--awb-letter-spacing); text-align: var(--awb-content-alignment); text-transform: var(--awb-text-transform);\">En coche:<\/b><span style=\"font-family: var(--awb-text-font-family); font-size: var(--awb-font-size); font-style: var(--awb-text-font-style); letter-spacing: var(--awb-letter-spacing); text-align: var(--awb-content-alignment); text-transform: var(--awb-text-transform);\"> Si quieres viajar a la regi\u00f3n de Valenica en coche desde Holanda, puedes conducir hasta Espa\u00f1a pasando por B\u00e9lgica y Francia. La distancia de Utrecht a la Costa Blanca es de unos 2.000 kil\u00f3metros. Hay varias opciones de alojamiento por el camino. Una vez en la regi\u00f3n, puedes utilizar las autopistas<\/span><span style=\"font-family: var(--awb-text-font-family); font-size: var(--awb-font-size); font-style: var(--awb-text-font-style); letter-spacing: var(--awb-letter-spacing); text-align: var(--awb-content-alignment); text-transform: var(--awb-text-transform);\"> AP-7 y A-7, que discurren a lo largo de la costa y conectan varias ciudades de la regi\u00f3n;<\/span><\/li>\n<\/ul>\n<ul>\n<li><b style=\"font-family: var(--awb-text-font-family); font-size: var(--awb-font-size); font-style: var(--awb-text-font-style); letter-spacing: var(--awb-letter-spacing); text-align: var(--awb-content-alignment); text-transform: var(--awb-text-transform);\">En autob\u00fas:<\/b><span style=\"font-family: var(--awb-text-font-family); font-size: var(--awb-font-size); font-style: var(--awb-text-font-style); letter-spacing: var(--awb-letter-spacing); text-align: var(--awb-content-alignment); text-transform: var(--awb-text-transform);\"> Hay varias compa\u00f1\u00edas de autobuses que ofrecen viajes regulares en autob\u00fas a la regi\u00f3n de Valencia. Adem\u00e1s, hay<\/span><span style=\"font-family: var(--awb-text-font-family); font-size: var(--awb-font-size); font-style: var(--awb-text-font-style); letter-spacing: var(--awb-letter-spacing); text-align: var(--awb-content-alignment); text-transform: var(--awb-text-transform);\"> varias compa\u00f1\u00edas de autobuses que conectan distintas ciudades de la regi\u00f3n de Valencia. La mayor\u00eda de las ciudades tienen una estaci\u00f3n central de autobuses desde la que puedes viajar a otras partes de la regi\u00f3n y m\u00e1s all\u00e1;<\/span><\/li>\n<\/ul>\n<ul>\n<li><b style=\"font-family: var(--awb-text-font-family); font-size: var(--awb-font-size); font-style: var(--awb-text-font-style); letter-spacing: var(--awb-letter-spacing); text-align: var(--awb-content-alignment); text-transform: var(--awb-text-transform);\">En barco:<\/b><span style=\"font-family: var(--awb-text-font-family); font-size: var(--awb-font-size); font-style: var(--awb-text-font-style); letter-spacing: var(--awb-letter-spacing); text-align: var(--awb-content-alignment); text-transform: var(--awb-text-transform);\"> Valencia tiene un gran puerto y hay servicios de ferry que conectan la regi\u00f3n con las Islas Baleares y otras partes de Espa\u00f1a y Europa.<\/span><\/li>\n<\/ul>\n<\/div><\/div><\/div><\/div><\/div><\/p>\n","protected":false},"excerpt":{"rendered":"","protected":false},"author":1,"featured_media":0,"parent":0,"menu_order":331,"comment_status":"closed","ping_status":"closed","template":"100-width.php","meta":{"_acf_changed":false,"footnotes":""},"folder":[],"class_list":["post-216086","page","type-page","status-publish","hentry"],"acf":[],"_links":{"self":[{"href":"https:\/\/www.purecostablanca.com\/es\/wp-json\/wp\/v2\/pages\/216086","targetHints":{"allow":["GET"]}}],"collection":[{"href":"https:\/\/www.purecostablanca.com\/es\/wp-json\/wp\/v2\/pages"}],"about":[{"href":"https:\/\/www.purecostablanca.com\/es\/wp-json\/wp\/v2\/types\/page"}],"author":[{"embeddable":true,"href":"https:\/\/www.purecostablanca.com\/es\/wp-json\/wp\/v2\/users\/1"}],"replies":[{"embeddable":true,"href":"https:\/\/www.purecostablanca.com\/es\/wp-json\/wp\/v2\/comments?post=216086"}],"version-history":[{"count":0,"href":"https:\/\/www.purecostablanca.com\/es\/wp-json\/wp\/v2\/pages\/216086\/revisions"}],"wp:attachment":[{"href":"https:\/\/www.purecostablanca.com\/es\/wp-json\/wp\/v2\/media?parent=216086"}],"wp:term":[{"taxonomy":"folder","embeddable":true,"href":"https:\/\/www.purecostablanca.com\/es\/wp-json\/wp\/v2\/folder?post=216086"}],"curies":[{"name":"wp","href":"https:\/\/api.w.org\/{rel}","templated":true}]}}